{"id":3681,"date":"2013-10-30T14:43:08","date_gmt":"2013-10-30T14:43:08","guid":{"rendered":"https:\/\/yourenglishweb.com\/inglesmilitar\/?page_id=3681"},"modified":"2025-03-16T12:05:25","modified_gmt":"2025-03-16T11:05:25","slug":"cursos-online-para-la-preparacion-del-slp2222-slp3333","status":"publish","type":"page","link":"https:\/\/yourenglishweb.com\/inglesmilitar\/cursos-online-para-la-preparacion-del-slp2222-slp3333\/","title":{"rendered":"Cursos online para la preparaci\u00f3n del SLP 2222 y SLP 3333"},"content":{"rendered":"\n<div class=\"wp-block-masterstudy-advanced-text wp-block-masterstudy-advanced-text-5203cd36-4300-465c-8a48-554ea636baf5\"><h2 class=\"wp-block-masterstudy-advanced-text__title\">\u00a0Cursos online para preparaci\u00f3n de ex\u00e1menes SLP 2222 y SLP 3333<\/h2><p class=\"wp-block-masterstudy-advanced-text__text\"><span style=\"font-size: medium;\">Los cursos online de gram\u00e1tica de vocabulario son la perfecta manera de preparar bien el examen <strong>SLP 2222<\/strong>, o <strong>SLP 3333<\/strong>. Aunque la <strong>prueba de gram\u00e1tica<\/strong> ha sido eliminada del formato del <strong>examen oficial<\/strong>, un buen control de la gram\u00e1tica inglesa sigue siendo fundamental para los dem\u00e1s partes del examen como, por ejemplo, la parte de la <strong>expresi\u00f3n escrita<\/strong>.\u00a0<\/span><br><br><br>El curso online de vocabulario te ayudar\u00e1 aumentar tu nivel de vocabulario y te ayudar\u00e1 en todos los perfiles de competencia ling\u00fc\u00edstica del examen.\u00a0<\/p><\/div>\n\n\n\n<div class=\"wp-block-masterstudy-course-carousel lms-course-carousel-container alignfull\" style=\"--lms-carousel-layoutPadding:59px 40px 100px 40px;--lms-carousel-layoutPaddingTablet:80px 60px 80px 60px;--lms-carousel-layoutPaddingMobile:80px 40px 80px 40px;--lms-carousel-cardGap:30px;--lms-carousel-slidesToShow:4;--lms-carousel-slidesToShowTablet:2;--lms-carousel-slidesToShowMobile:1;--lms-carousel-slidesCount:8;--lms-carousel-layoutBackground:#c4e1f6;--lms-carousel-layoutBorderStyle:none;--lms-carousel-titleFontSize:36px;--lms-carousel-titleFontWeight:700;--lms-carousel-titleTextTransform:none;--lms-carousel-titleFontStyle:inherit;--lms-carousel-titleTextDecoration:inherit;--lms-carousel-titleLetterSpacing:0px;--lms-carousel-titleWordSpacing:0px;--lms-carousel-navigationBackground:#EEF1F7;--lms-carousel-navigationColor:#4D5E6F;--lms-carousel-navigationBorderStyle:none;--lms-carousel-navigationBorderRadius:4px 4px 4px 4px;--lms-carousel-navigationPadding:13px 16px 13px 16px\" data-gap=\"30\" data-gap-tablet=\"30\" data-gap-mobile=\"30\" data-slides=\"4\" data-slides-tablet=\"2\" data-slides-mobile=\"1\" data-loop=\"true\" data-auto-play=\"false\"><div class=\"lms-course-carousel-header\"><h1 class=\"lms-course-carousel-title wp-block-heading\">Cursos SLP<\/h1><\/div><div>\n<div class=\"wp-block-group lms-course-carousel-presets is-layout-flow wp-block-group-is-layout-flow\">\n<div class=\"wp-block-masterstudy-courses-preset lms-courses-preset lms-courses-preset__item-4 lms-courses-preset__item-tablet-2 lms-courses-preset__item-mobile-1\" style=\"--lms-preset-cardGap:30px;--lms-preset-cntrMargin:50px 0px 50px 0px;--lms-preset-cardBgColor:#ffffff;--lms-preset-cardBorderStyle:none;--lms-preset-ibPadding:20px 20px 20px 20px;--lms-preset-ibBorderStyle:none;--lms-preset-imageHeight:150px;--lms-preset-imageBorderStyle:none;--lms-preset-categoryFontSize:13px;--lms-preset-categoryFontWeight:500;--lms-preset-categoryTextTransform:inherit;--lms-preset-categoryFontStyle:inherit;--lms-preset-categoryTextDecoration:inherit;--lms-preset-categoryLineHeight:15px;--lms-preset-categoryLetterSpacing:0px;--lms-preset-categoryWordSpacing:0px;--lms-preset-categoryColor:#4d5e6f;--lms-preset-titleFontSize:15px;--lms-preset-titleFontWeight:500;--lms-preset-titleTextTransform:inherit;--lms-preset-titleFontStyle:inherit;--lms-preset-titleTextDecoration:inherit;--lms-preset-titleLineHeight:18px;--lms-preset-titleLetterSpacing:0px;--lms-preset-titleWordSpacing:0px;--lms-preset-titleColor:#001931;--lms-preset-progressFontSize:14px;--lms-preset-progressFontWeight:500;--lms-preset-progressTextTransform:inherit;--lms-preset-progressFontStyle:inherit;--lms-preset-progressTextDecoration:inherit;--lms-preset-progressLineHeight:14px;--lms-preset-progressLetterSpacing:0px;--lms-preset-progressWordSpacing:0px;--lms-preset-progressEmptyColor:#b3bac2;--lms-preset-progressFilledColor:#ffa800;--lms-preset-metaFontSize:14px;--lms-preset-metaFontWeight:400;--lms-preset-metaTextTransform:inherit;--lms-preset-metaFontStyle:inherit;--lms-preset-metaTextDecoration:inherit;--lms-preset-metaLineHeight:14px;--lms-preset-metaLetterSpacing:0px;--lms-preset-metaWordSpacing:0px;--lms-preset-metaColor:#4D5E6F;--lms-preset-metaBgColor:#eef1f7;--lms-preset-metaBorderStyle:none;--lms-preset-metaBorderRadius:4px 4px 4px 4px;--lms-preset-metaPadding:5px 10px 5px 10px;--lms-preset-dividerHeight:1px;--lms-preset-dividerColor:#DBE0E9;--lms-preset-priceFontSize:15px;--lms-preset-priceFontWeight:700;--lms-preset-priceTextTransform:inherit;--lms-preset-priceFontStyle:inherit;--lms-preset-priceTextDecoration:inherit;--lms-preset-priceLineHeight:15px;--lms-preset-priceLetterSpacing:0px;--lms-preset-priceWordSpacing:0px;--lms-preset-priceColor:#ffffff;--lms-preset-priceBgColor:#227aff;--lms-preset-specialPriceFontSize:14px;--lms-preset-specialPriceFontWeight:700;--lms-preset-specialPriceTextTransform:inherit;--lms-preset-specialPriceFontStyle:inherit;--lms-preset-specialPriceTextDecoration:inherit;--lms-preset-specialPriceLineHeight:14px;--lms-preset-specialPriceLetterSpacing:0px;--lms-preset-specialPriceWordSpacing:0px;--lms-preset-specialPriceColor:#ffffff;--lms-preset-oldPriceFontSize:12px;--lms-preset-oldPriceFontWeight:400;--lms-preset-oldPriceTextTransform:inherit;--lms-preset-oldPriceFontStyle:inherit;--lms-preset-oldPriceTextDecoration:line-through;--lms-preset-oldPriceLineHeight:12px;--lms-preset-oldPriceLetterSpacing:0px;--lms-preset-oldPriceWordSpacing:0px;--lms-preset-oldPriceColor:#ffffff;--lms-preset-subscripFontSize:14px;--lms-preset-subscripFontWeight:500;--lms-preset-subscripTextTransform:inherit;--lms-preset-subscripFontStyle:inherit;--lms-preset-subscripTextDecoration:inherit;--lms-preset-subscripLineHeight:14px;--lms-preset-subscripLetterSpacing:0px;--lms-preset-subscripWordSpacing:0px;--lms-preset-subscripColor:#ffffff;--lms-preset-subscripIconColor:#ffffff;--lms-preset-subscripBgColor:#227aff;--lms-preset-buttonFontSize:14px;--lms-preset-buttonFontWeight:500;--lms-preset-buttonTextTransform:inherit;--lms-preset-buttonFontStyle:inherit;--lms-preset-buttonTextDecoration:inherit;--lms-preset-buttonLineHeight:14px;--lms-preset-buttonLetterSpacing:0px;--lms-preset-buttonWordSpacing:0px;--lms-preset-buttonColorHover:#FFFFFF;--lms-preset-buttonColor:#FFFFFF;--lms-preset-buttonBgColorHover:#227AFF;--lms-preset-buttonBgColor:#227AFF;--lms-preset-buttonBorderStyle:none;--lms-preset-buttonBorderRadius:5px 5px 5px 5px;--lms-preset-statusFeaturedFontSize:13px;--lms-preset-statusFeaturedFontWeight:700;--lms-preset-statusFeaturedTextTransform:uppercase;--lms-preset-statusFeaturedFontStyle:inherit;--lms-preset-statusFeaturedTextDecoration:inherit;--lms-preset-statusFeaturedLineHeight:13px;--lms-preset-statusFeaturedLetterSpacing:0px;--lms-preset-statusFeaturedWordSpacing:0px;--lms-preset-statusFeaturedColor:#ffffff;--lms-preset-statusFeaturedBgColor:#61CC2F;--lms-preset-statusHotFontSize:13px;--lms-preset-statusHotFontWeight:700;--lms-preset-statusHotTextTransform:inherit;--lms-preset-statusHotFontStyle:inherit;--lms-preset-statusHotTextDecoration:inherit;--lms-preset-statusHotLineHeight:13px;--lms-preset-statusHotLetterSpacing:0px;--lms-preset-statusHotWordSpacing:0px;--lms-preset-statusHotColor:#ffffff;--lms-preset-statusHotBgColor:#ff3945;--lms-preset-statusNewFontSize:13px;--lms-preset-statusNewFontWeight:700;--lms-preset-statusNewTextTransform:inherit;--lms-preset-statusNewFontStyle:inherit;--lms-preset-statusNewTextDecoration:inherit;--lms-preset-statusNewLineHeight:13px;--lms-preset-statusNewLetterSpacing:0px;--lms-preset-statusNewWordSpacing:0px;--lms-preset-statusNewColor:#ffffff;--lms-preset-statusNewBgColor:#61cc2f;--lms-preset-statusSpecialFontSize:13px;--lms-preset-statusSpecialFontWeight:700;--lms-preset-statusSpecialTextTransform:inherit;--lms-preset-statusSpecialFontStyle:inherit;--lms-preset-statusSpecialTextDecoration:inherit;--lms-preset-statusSpecialLineHeight:13px;--lms-preset-statusSpecialLetterSpacing:0px;--lms-preset-statusSpecialWordSpacing:0px;--lms-preset-statusSpecialColor:#ffffff;--lms-preset-statusSpecialBgColor:#4ed7a8;--lms-preset-countdownLabelColor:#ffffff;--lms-preset-countdownCounterColor:#ffffff;--lms-preset-countdownCounterBackgroundColor:#4d5e6f;--lms-preset-popupPadding:30px 30px 30px 30px;--lms-preset-popupBg:#ffffff;--lms-preset-popupBorderStyle:none;--lms-preset-popupIImgMargin:0px 5px 0px 0px;--lms-preset-popupIImgSize:24px;--lms-preset-popupIImgBorderStyle:none;--lms-preset-popupIImgBorderRadius:12px 12px 12px 12px;--lms-preset-popupINameFontSize:14px;--lms-preset-popupINameFontWeight:500;--lms-preset-popupINameTextTransform:inherit;--lms-preset-popupINameFontStyle:inherit;--lms-preset-popupINameTextDecoration:inherit;--lms-preset-popupINameLineHeight:21px;--lms-preset-popupINameLetterSpacing:0px;--lms-preset-popupINameWordSpacing:0px;--lms-preset-popupINameColor:#4d5e6f;--lms-preset-popupTitleFontSize:18px;--lms-preset-popupTitleFontWeight:500;--lms-preset-popupTitleTextTransform:inherit;--lms-preset-popupTitleFontStyle:inherit;--lms-preset-popupTitleTextDecoration:inherit;--lms-preset-popupTitleLineHeight:21px;--lms-preset-popupTitleLetterSpacing:0px;--lms-preset-popupTitleWordSpacing:0px;--lms-preset-popupTitleColor:#001931;--lms-preset-popupExcerptFontSize:15px;--lms-preset-popupExcerptFontWeight:400;--lms-preset-popupExcerptTextTransform:inherit;--lms-preset-popupExcerptFontStyle:inherit;--lms-preset-popupExcerptTextDecoration:inherit;--lms-preset-popupExcerptLineHeight:21px;--lms-preset-popupExcerptLetterSpacing:0px;--lms-preset-popupExcerptWordSpacing:0px;--lms-preset-popupExcerptColor:#4d5e6f;--lms-preset-popupExcerptMargin:10px 0px 0px 0px;--lms-preset-popupMetaFontSize:14px;--lms-preset-popupMetaFontWeight:400;--lms-preset-popupMetaTextTransform:inherit;--lms-preset-popupMetaFontStyle:inherit;--lms-preset-popupMetaTextDecoration:inherit;--lms-preset-popupMetaLineHeight:14px;--lms-preset-popupMetaLetterSpacing:0px;--lms-preset-popupMetaWordSpacing:0px;--lms-preset-popupMetaColor:#4D5E6F;--lms-preset-popupMetaBorderStyle:none;--lms-preset-popupMetaMargin:10px 0px 0px 0px;--lms-preset-popupButtonFontSize:14px;--lms-preset-popupButtonFontWeight:500;--lms-preset-popupButtonTextTransform:inherit;--lms-preset-popupButtonFontStyle:inherit;--lms-preset-popupButtonTextDecoration:inherit;--lms-preset-popupButtonLineHeight:14px;--lms-preset-popupButtonLetterSpacing:0px;--lms-preset-popupButtonWordSpacing:0px;--lms-preset-popupButtonColorHover:#FFFFFF;--lms-preset-popupButtonColor:#FFFFFF;--lms-preset-popupButtonBgColorHover:#227AFF;--lms-preset-popupButtonBgColor:#227AFF;--lms-preset-popupButtonBorderStyle:none;--lms-preset-popupButtonBorderRadius:5px 5px 5px 5px;--lms-preset-popupButtonMargin:10px 0px 0px 0px;--lms-preset-popupButtonPadding:11px 20px 11px 20px;--lms-preset-wishlistFontSize:14px;--lms-preset-wishlistFontWeight:500;--lms-preset-wishlistTextTransform:inherit;--lms-preset-wishlistFontStyle:inherit;--lms-preset-wishlistTextDecoration:inherit;--lms-preset-wishlistLineHeight:14px;--lms-preset-wishlistLetterSpacing:0px;--lms-preset-wishlistWordSpacing:0px;--lms-preset-wishlistColor:#4D5E6F;--lms-preset-wishlistIconEmptyColor:#4D5E6F;--lms-preset-wishlistIconFilledColor:#ff1f59;--lms-preset-popupPriceFontSize:15px;--lms-preset-popupPriceFontWeight:600;--lms-preset-popupPriceTextTransform:inherit;--lms-preset-popupPriceFontStyle:inherit;--lms-preset-popupPriceTextDecoration:inherit;--lms-preset-popupPriceLineHeight:15px;--lms-preset-popupPriceLetterSpacing:0px;--lms-preset-popupPriceWordSpacing:0px;--lms-preset-popupPriceColor:#001931;--lms-preset-popupSpecialPriceFontSize:14px;--lms-preset-popupSpecialPriceFontWeight:700;--lms-preset-popupSpecialPriceTextTransform:inherit;--lms-preset-popupSpecialPriceFontStyle:inherit;--lms-preset-popupSpecialPriceTextDecoration:inherit;--lms-preset-popupSpecialPriceLineHeight:14px;--lms-preset-popupSpecialPriceLetterSpacing:0px;--lms-preset-popupSpecialPriceWordSpacing:0px;--lms-preset-popupSpecialPriceColor:#001931;--lms-preset-popupOldPriceFontSize:14px;--lms-preset-popupOldPriceFontWeight:500;--lms-preset-popupOldPriceTextTransform:inherit;--lms-preset-popupOldPriceFontStyle:inherit;--lms-preset-popupOldPriceTextDecoration:line-through;--lms-preset-popupOldPriceLineHeight:14px;--lms-preset-popupOldPriceLetterSpacing:0px;--lms-preset-popupOldPriceWordSpacing:0px;--lms-preset-popupOldPriceColor:#4D5E6F;--lms-preset-subscriptionFontSize:14px;--lms-preset-subscriptionFontWeight:500;--lms-preset-subscriptionTextTransform:inherit;--lms-preset-subscriptionFontStyle:inherit;--lms-preset-subscriptionTextDecoration:inherit;--lms-preset-subscriptionLineHeight:14px;--lms-preset-subscriptionLetterSpacing:0px;--lms-preset-subscriptionWordSpacing:0px;--lms-preset-subscriptionColor:#4D5E6F;--lms-preset-subscriptionIconColor:#4D5E6F;--lms-p-popup-boxShadow: 0px 0px 30px 0px #00000033;--lms-preset-card-rating:1;--lms-preset-card-category:2;--lms-preset-card-title:3;--lms-preset-card-meta:4;--lms-preset-card-dataslot-1:1;--lms-preset-card-dataslot-2:2;--lms-preset-card-divider:5;--lms-preset-popup-instructor:1;--lms-preset-popup-title:2;--lms-preset-popup-description:3;--lms-preset-popup-meta:4;--lms-preset-popup-dataslot-1:1;--lms-preset-popup-dataslot-2:2;--lms-preset-popup-dataslot-3:3;--lms-preset-popup-preview:5;--lms-preset-popup-info:6;--lms-preset-popup-wishlist:1;--lms-preset-popup-price:2\"><div class=\"lms-course-price-accent wp-block-masterstudy-courses-preset-price-accent\">\n\t<div class=\"lms-course-preloader\">\n\t\t<div class=\"lms-course-preloader-item\"><\/div>\n\t<\/div>\n\t<div class=\"lms-course__list lms-course-price-accent__list\"><\/div>\n<\/div>\n\n<input type=\"hidden\" class=\"lms-course-list-item-data\" data-teacher=\"\" data-sort=\"date_high\" data-per-page=\"8\" data-categories=\"\">\n<input type=\"hidden\" class=\"lms-course-list-item-blocks\" data-show-popup=\"\" data-show-category=\"1\" data-show-price=\"1\" data-show-rating=\"1\" data-show-divider=\"\" data-show-popup-instructor=\"1\" data-show-popup-price=\"1\" data-show-popup-wishlist=\"1\">\n<input type=\"hidden\" class=\"lms-course-list-item-slots\" data-dataslot1=\"lectures\" data-dataslot2=\"duration\" data-popup-dataslot1=\"level\" data-popup-dataslot2=\"lectures\" data-popup-dataslot3=\"duration\">\n<input type=\"hidden\" class=\"lms-course-list-item-countdown\" data-days=\"\" data-hours=\"\" data-minutes=\"\" data-seconds=\"\">\n<\/div>\n<\/div>\n<\/div><div class=\"lms-course-carousel-navigations bottom-center\"><div class=\"lms-course-carousel-navigations_item course-swiper-button-prev\"><svg xmlns=\"http:\/\/www.w3.org\/2000\/svg\" width=\"8\" height=\"14\" viewBox=\"0 0 8 14\" fill=\"none\" aria-hidden=\"true\"><rect width=\"40\" height=\"40\"><\/rect><path d=\"M7 1L1 7L7 13\" stroke=\"currentColor\" stroke-width=\"2\" stroke-miterlimit=\"10\" stroke-linecap=\"round\" stroke-linejoin=\"round\"><\/path><\/svg><\/div><div class=\"lms-course-carousel-navigations_item course-swiper-button-next\"><svg xmlns=\"http:\/\/www.w3.org\/2000\/svg\" width=\"8\" height=\"14\" viewBox=\"0 0 8 14\" fill=\"none\" aria-hidden=\"true\"><rect width=\"40\" height=\"40\"><\/rect><path d=\"M0.999999 1L7 7L1 13\" stroke=\"currentColor\" stroke-width=\"2\" stroke-miterlimit=\"10\" stroke-linecap=\"round\" stroke-linejoin=\"round\"><\/path><\/svg><\/div><\/div><\/div>\n","protected":false},"excerpt":{"rendered":"","protected":false},"author":1,"featured_media":0,"parent":0,"menu_order":0,"comment_status":"closed","ping_status":"open","template":"","meta":{"om_disable_all_campaigns":false,"_monsterinsights_skip_tracking":false,"_monsterinsights_sitenote_active":false,"_monsterinsights_sitenote_note":"","_monsterinsights_sitenote_category":0,"footnotes":""},"class_list":["post-3681","page","type-page","status-publish","hentry"],"yoast_head":"<!-- This site is optimized with the Yoast SEO plugin v27.3 - https:\/\/yoast.com\/product\/yoast-seo-wordpress\/ -->\n<title>Cursos online para la preparaci\u00f3n del SLP 2222 y SLP 3333<\/title>\n<meta name=\"description\" content=\"Cursos online para la preparaci\u00f3n del SLP 2222 y SLP 3333\" \/>\n<meta name=\"robots\" content=\"index, follow, max-snippet:-1, max-image-preview:large, max-video-preview:-1\" \/>\n<link rel=\"canonical\" href=\"https:\/\/yourenglishweb.com\/inglesmilitar\/cursos-online-para-la-preparacion-del-slp2222-slp3333\/\" \/>\n<meta property=\"og:locale\" content=\"en_US\" \/>\n<meta property=\"og:type\" content=\"article\" \/>\n<meta property=\"og:title\" content=\"Cursos online para la preparaci\u00f3n del SLP 2222 y SLP 3333\" \/>\n<meta property=\"og:description\" content=\"Cursos online para la preparaci\u00f3n del SLP 2222 y SLP 3333\" \/>\n<meta property=\"og:url\" content=\"https:\/\/yourenglishweb.com\/inglesmilitar\/cursos-online-para-la-preparacion-del-slp2222-slp3333\/\" \/>\n<meta property=\"og:site_name\" content=\"Your English Web\" \/>\n<meta property=\"article:modified_time\" content=\"2025-03-16T11:05:25+00:00\" \/>\n<meta name=\"twitter:label1\" content=\"Est. reading time\" \/>\n\t<meta name=\"twitter:data1\" content=\"1 minute\" \/>\n<script type=\"application\/ld+json\" class=\"yoast-schema-graph\">{\"@context\":\"https:\\\/\\\/schema.org\",\"@graph\":[{\"@type\":\"WebPage\",\"@id\":\"https:\\\/\\\/yourenglishweb.com\\\/inglesmilitar\\\/cursos-online-para-la-preparacion-del-slp2222-slp3333\\\/\",\"url\":\"https:\\\/\\\/yourenglishweb.com\\\/inglesmilitar\\\/cursos-online-para-la-preparacion-del-slp2222-slp3333\\\/\",\"name\":\"Cursos online para la preparaci\u00f3n del SLP 2222 y SLP 3333\",\"isPartOf\":{\"@id\":\"https:\\\/\\\/yourenglishweb.com\\\/inglesmilitar\\\/#website\"},\"datePublished\":\"2013-10-30T14:43:08+00:00\",\"dateModified\":\"2025-03-16T11:05:25+00:00\",\"description\":\"Cursos online para la preparaci\u00f3n del SLP 2222 y SLP 3333\",\"breadcrumb\":{\"@id\":\"https:\\\/\\\/yourenglishweb.com\\\/inglesmilitar\\\/cursos-online-para-la-preparacion-del-slp2222-slp3333\\\/#breadcrumb\"},\"inLanguage\":\"en-US\",\"potentialAction\":[{\"@type\":\"ReadAction\",\"target\":[\"https:\\\/\\\/yourenglishweb.com\\\/inglesmilitar\\\/cursos-online-para-la-preparacion-del-slp2222-slp3333\\\/\"]}]},{\"@type\":\"BreadcrumbList\",\"@id\":\"https:\\\/\\\/yourenglishweb.com\\\/inglesmilitar\\\/cursos-online-para-la-preparacion-del-slp2222-slp3333\\\/#breadcrumb\",\"itemListElement\":[{\"@type\":\"ListItem\",\"position\":1,\"name\":\"Portada\",\"item\":\"https:\\\/\\\/yourenglishweb.com\\\/inglesmilitar\\\/\"},{\"@type\":\"ListItem\",\"position\":2,\"name\":\"Cursos online para la preparaci\u00f3n del SLP 2222 y SLP 3333\"}]},{\"@type\":\"WebSite\",\"@id\":\"https:\\\/\\\/yourenglishweb.com\\\/inglesmilitar\\\/#website\",\"url\":\"https:\\\/\\\/yourenglishweb.com\\\/inglesmilitar\\\/\",\"name\":\"Your English Web\",\"description\":\"Cursos SLP 2222 y 3333 para Guardia Civil y FAS\",\"potentialAction\":[{\"@type\":\"SearchAction\",\"target\":{\"@type\":\"EntryPoint\",\"urlTemplate\":\"https:\\\/\\\/yourenglishweb.com\\\/inglesmilitar\\\/?s={search_term_string}\"},\"query-input\":{\"@type\":\"PropertyValueSpecification\",\"valueRequired\":true,\"valueName\":\"search_term_string\"}}],\"inLanguage\":\"en-US\"}]}<\/script>\n<!-- \/ Yoast SEO plugin. -->","yoast_head_json":{"title":"Cursos online para la preparaci\u00f3n del SLP 2222 y SLP 3333","description":"Cursos online para la preparaci\u00f3n del SLP 2222 y SLP 3333","robots":{"index":"index","follow":"follow","max-snippet":"max-snippet:-1","max-image-preview":"max-image-preview:large","max-video-preview":"max-video-preview:-1"},"canonical":"https:\/\/yourenglishweb.com\/inglesmilitar\/cursos-online-para-la-preparacion-del-slp2222-slp3333\/","og_locale":"en_US","og_type":"article","og_title":"Cursos online para la preparaci\u00f3n del SLP 2222 y SLP 3333","og_description":"Cursos online para la preparaci\u00f3n del SLP 2222 y SLP 3333","og_url":"https:\/\/yourenglishweb.com\/inglesmilitar\/cursos-online-para-la-preparacion-del-slp2222-slp3333\/","og_site_name":"Your English Web","article_modified_time":"2025-03-16T11:05:25+00:00","twitter_misc":{"Est. reading time":"1 minute"},"schema":{"@context":"https:\/\/schema.org","@graph":[{"@type":"WebPage","@id":"https:\/\/yourenglishweb.com\/inglesmilitar\/cursos-online-para-la-preparacion-del-slp2222-slp3333\/","url":"https:\/\/yourenglishweb.com\/inglesmilitar\/cursos-online-para-la-preparacion-del-slp2222-slp3333\/","name":"Cursos online para la preparaci\u00f3n del SLP 2222 y SLP 3333","isPartOf":{"@id":"https:\/\/yourenglishweb.com\/inglesmilitar\/#website"},"datePublished":"2013-10-30T14:43:08+00:00","dateModified":"2025-03-16T11:05:25+00:00","description":"Cursos online para la preparaci\u00f3n del SLP 2222 y SLP 3333","breadcrumb":{"@id":"https:\/\/yourenglishweb.com\/inglesmilitar\/cursos-online-para-la-preparacion-del-slp2222-slp3333\/#breadcrumb"},"inLanguage":"en-US","potentialAction":[{"@type":"ReadAction","target":["https:\/\/yourenglishweb.com\/inglesmilitar\/cursos-online-para-la-preparacion-del-slp2222-slp3333\/"]}]},{"@type":"BreadcrumbList","@id":"https:\/\/yourenglishweb.com\/inglesmilitar\/cursos-online-para-la-preparacion-del-slp2222-slp3333\/#breadcrumb","itemListElement":[{"@type":"ListItem","position":1,"name":"Portada","item":"https:\/\/yourenglishweb.com\/inglesmilitar\/"},{"@type":"ListItem","position":2,"name":"Cursos online para la preparaci\u00f3n del SLP 2222 y SLP 3333"}]},{"@type":"WebSite","@id":"https:\/\/yourenglishweb.com\/inglesmilitar\/#website","url":"https:\/\/yourenglishweb.com\/inglesmilitar\/","name":"Your English Web","description":"Cursos SLP 2222 y 3333 para Guardia Civil y FAS","potentialAction":[{"@type":"SearchAction","target":{"@type":"EntryPoint","urlTemplate":"https:\/\/yourenglishweb.com\/inglesmilitar\/?s={search_term_string}"},"query-input":{"@type":"PropertyValueSpecification","valueRequired":true,"valueName":"search_term_string"}}],"inLanguage":"en-US"}]}},"_links":{"self":[{"href":"https:\/\/yourenglishweb.com\/inglesmilitar\/wp-json\/wp\/v2\/pages\/3681","targetHints":{"allow":["GET"]}}],"collection":[{"href":"https:\/\/yourenglishweb.com\/inglesmilitar\/wp-json\/wp\/v2\/pages"}],"about":[{"href":"https:\/\/yourenglishweb.com\/inglesmilitar\/wp-json\/wp\/v2\/types\/page"}],"author":[{"embeddable":true,"href":"https:\/\/yourenglishweb.com\/inglesmilitar\/wp-json\/wp\/v2\/users\/1"}],"replies":[{"embeddable":true,"href":"https:\/\/yourenglishweb.com\/inglesmilitar\/wp-json\/wp\/v2\/comments?post=3681"}],"version-history":[{"count":5,"href":"https:\/\/yourenglishweb.com\/inglesmilitar\/wp-json\/wp\/v2\/pages\/3681\/revisions"}],"predecessor-version":[{"id":6351,"href":"https:\/\/yourenglishweb.com\/inglesmilitar\/wp-json\/wp\/v2\/pages\/3681\/revisions\/6351"}],"wp:attachment":[{"href":"https:\/\/yourenglishweb.com\/inglesmilitar\/wp-json\/wp\/v2\/media?parent=3681"}],"curies":[{"name":"wp","href":"https:\/\/api.w.org\/{rel}","templated":true}]}}