{"id":3836,"date":"2013-11-22T13:53:17","date_gmt":"2013-11-22T13:53:17","guid":{"rendered":"https:\/\/yourenglishweb.com\/inglesmilitar\/?page_id=3836"},"modified":"2013-11-22T13:54:20","modified_gmt":"2013-11-22T13:54:20","slug":"politica-de-privacidad","status":"publish","type":"page","link":"https:\/\/yourenglishweb.com\/inglesmilitar\/politica-de-privacidad\/","title":{"rendered":"Pol\u00edtica de Privacidad"},"content":{"rendered":"<p><strong>POL\u00cdTICA DE PRIVACIDAD<\/strong><\/p>\n<p>La presente Pol\u00edtica de Privacidad forma parte integrante del Aviso Legal de Fast Track Idiomas\u00a0SLU Vd. debe leer y conocer dicho Aviso Legal.<\/p>\n<p>Cuando el Usuario se registra o facilita datos personales (entre otras finalidades, para acceder, adquirir y\/o recibir productos y servicios; solicitar informaci\u00f3n; remitir consultas, quejas o solicitudes de contrataci\u00f3n), la recogida y el tratamiento de los datos personales se llevar\u00e1 a cabo de conformidad y en cumplimiento con los principios recogidos en la Ley Org\u00e1nica 15\/1999, de 13 de diciembre, de Protecci\u00f3n de Datos (LOPD) y normativa de desarrollo.<\/p>\n<p>Cuando los datos personales sean recabados a trav\u00e9s de formularios, ser\u00e1 necesario que el Usuario facilite, al menos, aquellos marcados como obligatorios. Asimismo, el Usuario deber\u00e1 garantizar que los datos aportados son verdaderos, exactos, completos y actualizados, debiendo comunicar a Fast Track Idiomas\u00a0SLU cualquier modificaci\u00f3n posterior que pudiera tener lugar en los datos facilitados, a fin de garantizar el principio de calidad de prestaci\u00f3n del servicio o servicios que ofrecemos. En el caso de que los datos aportados pertenecieran a un tercero distinto de quien los facilita, el Usuario deber\u00e1 haber informado a dicho tercero de los aspectos contenidos en esta Pol\u00edtica y haber obtenido su autorizaci\u00f3n para facilitar sus datos a Fast Track Idiomas\u00a0SLU para los fines se\u00f1alados.<\/p>\n<p>Cuando se solicite o el Usuario facilite una direcci\u00f3n de correo electr\u00f3nico u otro medio de comunicaci\u00f3n electr\u00f3nica, el Usuario autoriza expresamente a Fast Track Idiomas\u00a0SLU para que dicho medio sea utilizado como canal de comunicaci\u00f3n con \u00e9l, para atender o dar respuesta a su solicitud y\/o consulta, as\u00ed como para poderle remitir informaci\u00f3n comercial y publicitaria* relativa a los servicios prestados por Fast Track Idiomas\u00a0SLU e informarle de cualesquiera otros cambios relevantes que se produzcan en ellos.<\/p>\n<p>*En caso de que el Usuario no desee recibir comunicaciones comerciales relativas a los servicios y contenidos ofrecidos por Fast Track Idiomas\u00a0SLU, en cualquier momento podr\u00e1 notificar su deseo en contra, mediante el env\u00edo de una comunicaci\u00f3n a la direcci\u00f3n info@yourenglishweb.com El Usuario queda informado y consiente que sus datos personales sean comunicados, para los mismos fines antes informados, a Fast Track Idiomas\u00a0SLU, identificada al comienzo del presente Aviso Legal, as\u00ed como a terceros a los que Fast Track Idiomas\u00a0SLU contrate la prestaci\u00f3n de los servicios ofertados a trav\u00e9s del Portal y exclusivamente en la medida en que la prestaci\u00f3n de dichos servicios justifique el acceso y tratamiento de los datos.<\/p>\n<p>El tratamiento de los datos personales es llevado a cabo con sujeci\u00f3n al deber de confidencialidad y secreto, habiendo adoptado Fast Track Idiomas\u00a0SLU las medidas de seguridad adecuadas para evitar cualquier alteraci\u00f3n, p\u00e9rdida, acceso no autorizado o da\u00f1o de los datos personales e informaci\u00f3n registrada.<\/p>\n<p>El Usuario tiene reconocidos los derechos de acceso, rectificaci\u00f3n, cancelaci\u00f3n y oposici\u00f3n (A.R.C.O) los cuales podr\u00e1 ejercitar dirigiendo una comunicaci\u00f3n postal junto con una fotocopia del DNI a la direcci\u00f3n de Fast Track Idiomas\u00a0SLU prevista en la secci\u00f3n de t\u00e9rminos y condiciones legales de este servicio.<\/p>\n<p>\u00a9 2013 Fast Track Idiomas SLU. Todos los derechos reservados.<\/p>\n","protected":false},"excerpt":{"rendered":"<p>POL\u00cdTICA DE PRIVACIDAD La presente Pol\u00edtica de Privacidad forma parte integrante del Aviso Legal de Fast Track Idiomas\u00a0SLU Vd. debe leer y conocer dicho Aviso Legal. Cuando el Usuario se registra o facilita datos personales (entre otras finalidades, para acceder, adquirir y\/o recibir productos y servicios; solicitar informaci\u00f3n; remitir consultas, quejas o solicitudes de contrataci\u00f3n),<a href=\"https:\/\/yourenglishweb.com\/inglesmilitar\/politica-de-privacidad\/\" class=\"more-link\"><span class=\"screen-reader-text\">Pol\u00edtica de Privacidad<\/span><\/a><\/p>\n","protected":false},"author":1,"featured_media":0,"parent":0,"menu_order":0,"comment_status":"closed","ping_status":"open","template":"","meta":{"om_disable_all_campaigns":false,"_monsterinsights_skip_tracking":false,"_monsterinsights_sitenote_active":false,"_monsterinsights_sitenote_note":"","_monsterinsights_sitenote_category":0,"footnotes":""},"class_list":["post-3836","page","type-page","status-publish","hentry"],"yoast_head":"<!-- This site is optimized with the Yoast SEO plugin v27.5 - https:\/\/yoast.com\/product\/yoast-seo-wordpress\/ -->\n<title>Pol\u00edtica de Privacidad - Your English Web<\/title>\n<meta name=\"robots\" content=\"index, follow, max-snippet:-1, max-image-preview:large, max-video-preview:-1\" \/>\n<link rel=\"canonical\" href=\"https:\/\/yourenglishweb.com\/inglesmilitar\/politica-de-privacidad\/\" \/>\n<meta property=\"og:locale\" content=\"en_US\" \/>\n<meta property=\"og:type\" content=\"article\" \/>\n<meta property=\"og:title\" content=\"Pol\u00edtica de Privacidad - Your English Web\" \/>\n<meta property=\"og:description\" content=\"POL\u00cdTICA DE PRIVACIDAD La presente Pol\u00edtica de Privacidad forma parte integrante del Aviso Legal de Fast Track Idiomas\u00a0SLU Vd. debe leer y conocer dicho Aviso Legal. Cuando el Usuario se registra o facilita datos personales (entre otras finalidades, para acceder, adquirir y\/o recibir productos y servicios; solicitar informaci\u00f3n; remitir consultas, quejas o solicitudes de contrataci\u00f3n),Pol\u00edtica de Privacidad\" \/>\n<meta property=\"og:url\" content=\"https:\/\/yourenglishweb.com\/inglesmilitar\/politica-de-privacidad\/\" \/>\n<meta property=\"og:site_name\" content=\"Your English Web\" \/>\n<meta property=\"article:modified_time\" content=\"2013-11-22T13:54:20+00:00\" \/>\n<meta name=\"twitter:label1\" content=\"Est. reading time\" \/>\n\t<meta name=\"twitter:data1\" content=\"3 minutes\" \/>\n<script type=\"application\/ld+json\" class=\"yoast-schema-graph\">{\"@context\":\"https:\\\/\\\/schema.org\",\"@graph\":[{\"@type\":\"WebPage\",\"@id\":\"https:\\\/\\\/yourenglishweb.com\\\/inglesmilitar\\\/politica-de-privacidad\\\/\",\"url\":\"https:\\\/\\\/yourenglishweb.com\\\/inglesmilitar\\\/politica-de-privacidad\\\/\",\"name\":\"Pol\u00edtica de Privacidad - Your English Web\",\"isPartOf\":{\"@id\":\"https:\\\/\\\/yourenglishweb.com\\\/inglesmilitar\\\/#website\"},\"datePublished\":\"2013-11-22T13:53:17+00:00\",\"dateModified\":\"2013-11-22T13:54:20+00:00\",\"breadcrumb\":{\"@id\":\"https:\\\/\\\/yourenglishweb.com\\\/inglesmilitar\\\/politica-de-privacidad\\\/#breadcrumb\"},\"inLanguage\":\"en-US\",\"potentialAction\":[{\"@type\":\"ReadAction\",\"target\":[\"https:\\\/\\\/yourenglishweb.com\\\/inglesmilitar\\\/politica-de-privacidad\\\/\"]}]},{\"@type\":\"BreadcrumbList\",\"@id\":\"https:\\\/\\\/yourenglishweb.com\\\/inglesmilitar\\\/politica-de-privacidad\\\/#breadcrumb\",\"itemListElement\":[{\"@type\":\"ListItem\",\"position\":1,\"name\":\"Portada\",\"item\":\"https:\\\/\\\/yourenglishweb.com\\\/inglesmilitar\\\/\"},{\"@type\":\"ListItem\",\"position\":2,\"name\":\"Pol\u00edtica de Privacidad\"}]},{\"@type\":\"WebSite\",\"@id\":\"https:\\\/\\\/yourenglishweb.com\\\/inglesmilitar\\\/#website\",\"url\":\"https:\\\/\\\/yourenglishweb.com\\\/inglesmilitar\\\/\",\"name\":\"Your English Web\",\"description\":\"Cursos SLP 2222 y 3333 para Guardia Civil y FAS\",\"potentialAction\":[{\"@type\":\"SearchAction\",\"target\":{\"@type\":\"EntryPoint\",\"urlTemplate\":\"https:\\\/\\\/yourenglishweb.com\\\/inglesmilitar\\\/?s={search_term_string}\"},\"query-input\":{\"@type\":\"PropertyValueSpecification\",\"valueRequired\":true,\"valueName\":\"search_term_string\"}}],\"inLanguage\":\"en-US\"}]}<\/script>\n<!-- \/ Yoast SEO plugin. -->","yoast_head_json":{"title":"Pol\u00edtica de Privacidad - Your English Web","robots":{"index":"index","follow":"follow","max-snippet":"max-snippet:-1","max-image-preview":"max-image-preview:large","max-video-preview":"max-video-preview:-1"},"canonical":"https:\/\/yourenglishweb.com\/inglesmilitar\/politica-de-privacidad\/","og_locale":"en_US","og_type":"article","og_title":"Pol\u00edtica de Privacidad - Your English Web","og_description":"POL\u00cdTICA DE PRIVACIDAD La presente Pol\u00edtica de Privacidad forma parte integrante del Aviso Legal de Fast Track Idiomas\u00a0SLU Vd. debe leer y conocer dicho Aviso Legal. Cuando el Usuario se registra o facilita datos personales (entre otras finalidades, para acceder, adquirir y\/o recibir productos y servicios; solicitar informaci\u00f3n; remitir consultas, quejas o solicitudes de contrataci\u00f3n),Pol\u00edtica de Privacidad","og_url":"https:\/\/yourenglishweb.com\/inglesmilitar\/politica-de-privacidad\/","og_site_name":"Your English Web","article_modified_time":"2013-11-22T13:54:20+00:00","twitter_misc":{"Est. reading time":"3 minutes"},"schema":{"@context":"https:\/\/schema.org","@graph":[{"@type":"WebPage","@id":"https:\/\/yourenglishweb.com\/inglesmilitar\/politica-de-privacidad\/","url":"https:\/\/yourenglishweb.com\/inglesmilitar\/politica-de-privacidad\/","name":"Pol\u00edtica de Privacidad - Your English Web","isPartOf":{"@id":"https:\/\/yourenglishweb.com\/inglesmilitar\/#website"},"datePublished":"2013-11-22T13:53:17+00:00","dateModified":"2013-11-22T13:54:20+00:00","breadcrumb":{"@id":"https:\/\/yourenglishweb.com\/inglesmilitar\/politica-de-privacidad\/#breadcrumb"},"inLanguage":"en-US","potentialAction":[{"@type":"ReadAction","target":["https:\/\/yourenglishweb.com\/inglesmilitar\/politica-de-privacidad\/"]}]},{"@type":"BreadcrumbList","@id":"https:\/\/yourenglishweb.com\/inglesmilitar\/politica-de-privacidad\/#breadcrumb","itemListElement":[{"@type":"ListItem","position":1,"name":"Portada","item":"https:\/\/yourenglishweb.com\/inglesmilitar\/"},{"@type":"ListItem","position":2,"name":"Pol\u00edtica de Privacidad"}]},{"@type":"WebSite","@id":"https:\/\/yourenglishweb.com\/inglesmilitar\/#website","url":"https:\/\/yourenglishweb.com\/inglesmilitar\/","name":"Your English Web","description":"Cursos SLP 2222 y 3333 para Guardia Civil y FAS","potentialAction":[{"@type":"SearchAction","target":{"@type":"EntryPoint","urlTemplate":"https:\/\/yourenglishweb.com\/inglesmilitar\/?s={search_term_string}"},"query-input":{"@type":"PropertyValueSpecification","valueRequired":true,"valueName":"search_term_string"}}],"inLanguage":"en-US"}]}},"_links":{"self":[{"href":"https:\/\/yourenglishweb.com\/inglesmilitar\/wp-json\/wp\/v2\/pages\/3836","targetHints":{"allow":["GET"]}}],"collection":[{"href":"https:\/\/yourenglishweb.com\/inglesmilitar\/wp-json\/wp\/v2\/pages"}],"about":[{"href":"https:\/\/yourenglishweb.com\/inglesmilitar\/wp-json\/wp\/v2\/types\/page"}],"author":[{"embeddable":true,"href":"https:\/\/yourenglishweb.com\/inglesmilitar\/wp-json\/wp\/v2\/users\/1"}],"replies":[{"embeddable":true,"href":"https:\/\/yourenglishweb.com\/inglesmilitar\/wp-json\/wp\/v2\/comments?post=3836"}],"version-history":[{"count":0,"href":"https:\/\/yourenglishweb.com\/inglesmilitar\/wp-json\/wp\/v2\/pages\/3836\/revisions"}],"wp:attachment":[{"href":"https:\/\/yourenglishweb.com\/inglesmilitar\/wp-json\/wp\/v2\/media?parent=3836"}],"curies":[{"name":"wp","href":"https:\/\/api.w.org\/{rel}","templated":true}]}}