{"id":4136,"date":"2015-04-26T20:08:48","date_gmt":"2015-04-26T20:08:48","guid":{"rendered":"https:\/\/yourenglishweb.com\/inglesmilitar\/?page_id=4136"},"modified":"2025-03-16T12:00:48","modified_gmt":"2025-03-16T11:00:48","slug":"ejercicios-tipo-slp-2222","status":"publish","type":"page","link":"https:\/\/yourenglishweb.com\/inglesmilitar\/ejercicios-tipo-slp-2222\/","title":{"rendered":"Ejercicios tipo SLP 2222"},"content":{"rendered":"<h2 class=\"wp-block-post-title\">Ejercicios tipo SLP 2222<\/h2>\n\n<figure class=\"wp-block-post-featured-image\"><img decoding=\"async\" width=\"1366\" height=\"768\" src=\"https:\/\/yourenglishweb.com\/inglesmilitar\/wp-content\/uploads\/2025\/03\/Curso-SLP-4.png\" class=\"attachment-post-thumbnail size-post-thumbnail wp-post-image\" alt=\"ejercicios SLP 2222\" style=\"object-fit:cover;\" srcset=\"https:\/\/yourenglishweb.com\/inglesmilitar\/wp-content\/uploads\/2025\/03\/Curso-SLP-4.png 1366w, https:\/\/yourenglishweb.com\/inglesmilitar\/wp-content\/uploads\/2025\/03\/Curso-SLP-4-300x169.png 300w, https:\/\/yourenglishweb.com\/inglesmilitar\/wp-content\/uploads\/2025\/03\/Curso-SLP-4-1024x576.png 1024w, https:\/\/yourenglishweb.com\/inglesmilitar\/wp-content\/uploads\/2025\/03\/Curso-SLP-4-768x432.png 768w\" sizes=\"(max-width: 1366px) 100vw, 1366px\" \/><\/figure>\n\n\n<hr class=\"wp-block-separator has-alpha-channel-opacity\"\/>\n\n\n\n<div class=\"wp-block-masterstudy-advanced-text wp-block-masterstudy-advanced-text-5225de47-bf73-4752-824b-f3d87414b34d has-link-color wp-elements-d7874a37b3927fb5263a43bba7e98f83\" style=\"--wp-block-masterstudy-advanced-text-mobile--textAlign:left;--wp-block-masterstudy-advanced-text-mobile--padding:0;--wp-block-masterstudy-advanced-text-mobile--margin:0;--wp-block-masterstudy-advanced-text-mobile--titleFontSize:2rem;--wp-block-masterstudy-advanced-text-mobile--textFontSize:1rem;--wp-block-masterstudy-advanced-text-mobile--titleMargin:20px 0px 20px 0px;--wp-block-masterstudy-advanced-text-mobile--titlePadding:0;--wp-block-masterstudy-advanced-text-mobile--textMargin:15px 0px 15px 0px;--wp-block-masterstudy-advanced-text-mobile--textPadding:0;--wp-block-masterstudy-advanced-text-tablet--textAlign:left;--wp-block-masterstudy-advanced-text-tablet--padding:0;--wp-block-masterstudy-advanced-text-tablet--margin:0;--wp-block-masterstudy-advanced-text-tablet--titleFontSize:2rem;--wp-block-masterstudy-advanced-text-tablet--textFontSize:1rem;--wp-block-masterstudy-advanced-text-tablet--titleMargin:20px 0px 20px 0px;--wp-block-masterstudy-advanced-text-tablet--titlePadding:0;--wp-block-masterstudy-advanced-text-tablet--textMargin:15px 0px 15px 0px;--wp-block-masterstudy-advanced-text-tablet--textPadding:0;--wp-block-masterstudy-advanced-text-desktop--textAlign:left;--wp-block-masterstudy-advanced-text-desktop--padding:0;--wp-block-masterstudy-advanced-text-desktop--margin:0;--wp-block-masterstudy-advanced-text-desktop--titleFontSize:2rem;--wp-block-masterstudy-advanced-text-desktop--textFontSize:1.2rem;--wp-block-masterstudy-advanced-text-desktop--titleMargin:20px 0px 20px 0px;--wp-block-masterstudy-advanced-text-desktop--titlePadding:0;--wp-block-masterstudy-advanced-text-desktop--textMargin:15px 0px 15px 0px;--wp-block-masterstudy-advanced-text-desktop--textPadding:0\"><h2 class=\"wp-block-masterstudy-advanced-text__title\"><\/h2><p class=\"wp-block-masterstudy-advanced-text__text\"><span style=\"font-size: 14pt;\"><strong>\u00bfTienes la prueba SLP 2222 en breve? Aqu\u00ed puedes encontrar material para ayudarte preparar las partes de listening y comprensi\u00f3n de textos.<\/strong><\/span><br><br>Bienvenidos a nuestra p\u00e1gina web de ejercicios de pr\u00e1ctica del idioma ingl\u00e9s para el examen SLP 2222 de la OTAN. Aqu\u00ed encontrar\u00e1s una amplia gama de recursos dise\u00f1ados espec\u00edficamente para ayudarte a prepararte de manera efectiva y exitosa para este importante examen.<br><br>Entendemos la importancia de obtener un puntaje alto en el examen SLP 2222 de la OTAN, ya que este certificado puede abrirte muchas puertas en tu carrera profesional. Nuestro objetivo es brindarte el apoyo necesario para que puedas desarrollar y mejorar tus habilidades en el idioma ingl\u00e9s, especialmente en el contexto militar y de defensa.<br><br>Aqu\u00ed encontrar\u00e1s una variedad de ejercicios cuidadosamente seleccionados que abarcan los diferentes aspectos ling\u00fc\u00edsticos que se eval\u00faan en el examen SLP 2222. Estos ejercicios se centran en \u00e1reas como comprensi\u00f3n auditiva, lectura, expresi\u00f3n oral y escrita, gram\u00e1tica, vocabulario militar y terminolog\u00eda espec\u00edfica de la OTAN.<br><br>Adem\u00e1s de los ejercicios, tambi\u00e9n te ofrecemos material de estudio complementario, consejos \u00fatiles y estrategias para enfrentar cada secci\u00f3n del examen de manera efectiva. Nuestro objetivo es proporcionarte una preparaci\u00f3n integral y personalizada que te permita alcanzar el mejor resultado posible en el examen SLP 2222.<br><br>Ya seas un miembro del personal militar, un profesional de la defensa o alguien que aspire a una carrera en el \u00e1mbito de la OTAN, nuestra p\u00e1gina web te brinda una plataforma de pr\u00e1ctica confiable y completa para que puedas perfeccionar tus habilidades en el idioma ingl\u00e9s y alcanzar el \u00e9xito en el examen SLP 2222.<br><br>\u00a1Esperamos que encuentres nuestros recursos y ejercicios de pr\u00e1ctica valiosos y efectivos en tu preparaci\u00f3n para el examen SLP 2222 de la OTAN!<br><br><br>Para ejercicios SLP 3333 pincha <a title=\"Practica listening SLP 3333\" href=\"https:\/\/yourenglishweb.com\/inglesmilitar\/practica-listening-slp-3333\/\" target=\"_blank\" rel=\"noopener\">aqu\u00ed<\/a><\/p><\/div>\n\n\n\n<p><\/p>\n\n\n\n<p><\/p>\n\n\n\n<hr class=\"wp-block-separator has-alpha-channel-opacity\"\/>\n\n\n\n<h2 class=\"wp-block-heading\">Reading<\/h2>\n\n\n[qsm quiz=6]\n\n\n\n<hr class=\"wp-block-separator has-alpha-channel-opacity\"\/>\n\n\n[mlw_qmn_single_leaderboard mlw_quiz=6 ranks=10 name=&#8217;Los mejores&#8217; order=&#8217;score&#8217;]\n\n\n\n<hr class=\"wp-block-separator has-alpha-channel-opacity\"\/>\n\n\n\n<h2 class=\"wp-block-heading\">Audio<\/h2>\n\n\n[qsm quiz=7]\n\n\n\n<hr class=\"wp-block-separator has-alpha-channel-opacity\"\/>\n\n\n[mlw_qmn_single_leaderboard mlw_quiz=7 ranks=10 name=&#8217;Los mejores&#8217; order=&#8217;score&#8217;]\n\n\n\n<div style=\"color:#ddd\" class=\"wp-block-genesis-blocks-gb-spacer gb-block-spacer gb-divider-solid gb-divider-size-1\"><hr style=\"height:30px\"\/><\/div>\n\n\n","protected":false},"excerpt":{"rendered":"<p>Reading Audio<\/p>\n","protected":false},"author":1,"featured_media":6339,"parent":0,"menu_order":0,"comment_status":"open","ping_status":"open","template":"","meta":{"om_disable_all_campaigns":false,"_monsterinsights_skip_tracking":false,"_monsterinsights_sitenote_active":false,"_monsterinsights_sitenote_note":"","_monsterinsights_sitenote_category":0,"footnotes":""},"class_list":["post-4136","page","type-page","status-publish","has-post-thumbnail","hentry"],"yoast_head":"<!-- This site is optimized with the Yoast SEO plugin v27.3 - https:\/\/yoast.com\/product\/yoast-seo-wordpress\/ -->\n<title>Ejercicios tipo SLP 2222 - Your English Web<\/title>\n<meta name=\"description\" content=\"Prepara para la prueba oficial con nuestros ejercicios tipo SLP 2222. Practica para el examen SLP con ejercicios de audio y comprensi\u00f3n de textos\" \/>\n<meta name=\"robots\" content=\"index, follow, max-snippet:-1, max-image-preview:large, max-video-preview:-1\" \/>\n<link rel=\"canonical\" href=\"https:\/\/yourenglishweb.com\/inglesmilitar\/ejercicios-tipo-slp-2222\/\" \/>\n<meta property=\"og:locale\" content=\"en_US\" \/>\n<meta property=\"og:type\" content=\"article\" \/>\n<meta property=\"og:title\" content=\"Ejercicios tipo SLP 2222 - Your English Web\" \/>\n<meta property=\"og:description\" content=\"Prepara para la prueba oficial con nuestros ejercicios tipo SLP 2222. Practica para el examen SLP con ejercicios de audio y comprensi\u00f3n de textos\" \/>\n<meta property=\"og:url\" content=\"https:\/\/yourenglishweb.com\/inglesmilitar\/ejercicios-tipo-slp-2222\/\" \/>\n<meta property=\"og:site_name\" content=\"Your English Web\" \/>\n<meta property=\"article:modified_time\" content=\"2025-03-16T11:00:48+00:00\" \/>\n<meta property=\"og:image\" content=\"https:\/\/yourenglishweb.com\/inglesmilitar\/wp-content\/uploads\/2025\/03\/Curso-SLP-4.png\" \/>\n\t<meta property=\"og:image:width\" content=\"1366\" \/>\n\t<meta property=\"og:image:height\" content=\"768\" \/>\n\t<meta property=\"og:image:type\" content=\"image\/png\" \/>\n<meta name=\"twitter:label1\" content=\"Est. reading time\" \/>\n\t<meta name=\"twitter:data1\" content=\"2 minutes\" \/>\n<script type=\"application\/ld+json\" class=\"yoast-schema-graph\">{\"@context\":\"https:\\\/\\\/schema.org\",\"@graph\":[{\"@type\":\"WebPage\",\"@id\":\"https:\\\/\\\/yourenglishweb.com\\\/inglesmilitar\\\/ejercicios-tipo-slp-2222\\\/\",\"url\":\"https:\\\/\\\/yourenglishweb.com\\\/inglesmilitar\\\/ejercicios-tipo-slp-2222\\\/\",\"name\":\"Ejercicios tipo SLP 2222 - Your English Web\",\"isPartOf\":{\"@id\":\"https:\\\/\\\/yourenglishweb.com\\\/inglesmilitar\\\/#website\"},\"primaryImageOfPage\":{\"@id\":\"https:\\\/\\\/yourenglishweb.com\\\/inglesmilitar\\\/ejercicios-tipo-slp-2222\\\/#primaryimage\"},\"image\":{\"@id\":\"https:\\\/\\\/yourenglishweb.com\\\/inglesmilitar\\\/ejercicios-tipo-slp-2222\\\/#primaryimage\"},\"thumbnailUrl\":\"https:\\\/\\\/yourenglishweb.com\\\/inglesmilitar\\\/wp-content\\\/uploads\\\/2025\\\/03\\\/Curso-SLP-4.png\",\"datePublished\":\"2015-04-26T20:08:48+00:00\",\"dateModified\":\"2025-03-16T11:00:48+00:00\",\"description\":\"Prepara para la prueba oficial con nuestros ejercicios tipo SLP 2222. Practica para el examen SLP con ejercicios de audio y comprensi\u00f3n de textos\",\"breadcrumb\":{\"@id\":\"https:\\\/\\\/yourenglishweb.com\\\/inglesmilitar\\\/ejercicios-tipo-slp-2222\\\/#breadcrumb\"},\"inLanguage\":\"en-US\",\"potentialAction\":[{\"@type\":\"ReadAction\",\"target\":[\"https:\\\/\\\/yourenglishweb.com\\\/inglesmilitar\\\/ejercicios-tipo-slp-2222\\\/\"]}]},{\"@type\":\"ImageObject\",\"inLanguage\":\"en-US\",\"@id\":\"https:\\\/\\\/yourenglishweb.com\\\/inglesmilitar\\\/ejercicios-tipo-slp-2222\\\/#primaryimage\",\"url\":\"https:\\\/\\\/yourenglishweb.com\\\/inglesmilitar\\\/wp-content\\\/uploads\\\/2025\\\/03\\\/Curso-SLP-4.png\",\"contentUrl\":\"https:\\\/\\\/yourenglishweb.com\\\/inglesmilitar\\\/wp-content\\\/uploads\\\/2025\\\/03\\\/Curso-SLP-4.png\",\"width\":1366,\"height\":768,\"caption\":\"ejercicios SLP 2222\"},{\"@type\":\"BreadcrumbList\",\"@id\":\"https:\\\/\\\/yourenglishweb.com\\\/inglesmilitar\\\/ejercicios-tipo-slp-2222\\\/#breadcrumb\",\"itemListElement\":[{\"@type\":\"ListItem\",\"position\":1,\"name\":\"Portada\",\"item\":\"https:\\\/\\\/yourenglishweb.com\\\/inglesmilitar\\\/\"},{\"@type\":\"ListItem\",\"position\":2,\"name\":\"Ejercicios tipo SLP 2222\"}]},{\"@type\":\"WebSite\",\"@id\":\"https:\\\/\\\/yourenglishweb.com\\\/inglesmilitar\\\/#website\",\"url\":\"https:\\\/\\\/yourenglishweb.com\\\/inglesmilitar\\\/\",\"name\":\"Your English Web\",\"description\":\"Cursos SLP 2222 y 3333 para Guardia Civil y FAS\",\"potentialAction\":[{\"@type\":\"SearchAction\",\"target\":{\"@type\":\"EntryPoint\",\"urlTemplate\":\"https:\\\/\\\/yourenglishweb.com\\\/inglesmilitar\\\/?s={search_term_string}\"},\"query-input\":{\"@type\":\"PropertyValueSpecification\",\"valueRequired\":true,\"valueName\":\"search_term_string\"}}],\"inLanguage\":\"en-US\"}]}<\/script>\n<!-- \/ Yoast SEO plugin. -->","yoast_head_json":{"title":"Ejercicios tipo SLP 2222 - Your English Web","description":"Prepara para la prueba oficial con nuestros ejercicios tipo SLP 2222. Practica para el examen SLP con ejercicios de audio y comprensi\u00f3n de textos","robots":{"index":"index","follow":"follow","max-snippet":"max-snippet:-1","max-image-preview":"max-image-preview:large","max-video-preview":"max-video-preview:-1"},"canonical":"https:\/\/yourenglishweb.com\/inglesmilitar\/ejercicios-tipo-slp-2222\/","og_locale":"en_US","og_type":"article","og_title":"Ejercicios tipo SLP 2222 - Your English Web","og_description":"Prepara para la prueba oficial con nuestros ejercicios tipo SLP 2222. Practica para el examen SLP con ejercicios de audio y comprensi\u00f3n de textos","og_url":"https:\/\/yourenglishweb.com\/inglesmilitar\/ejercicios-tipo-slp-2222\/","og_site_name":"Your English Web","article_modified_time":"2025-03-16T11:00:48+00:00","og_image":[{"width":1366,"height":768,"url":"https:\/\/yourenglishweb.com\/inglesmilitar\/wp-content\/uploads\/2025\/03\/Curso-SLP-4.png","type":"image\/png"}],"twitter_misc":{"Est. reading time":"2 minutes"},"schema":{"@context":"https:\/\/schema.org","@graph":[{"@type":"WebPage","@id":"https:\/\/yourenglishweb.com\/inglesmilitar\/ejercicios-tipo-slp-2222\/","url":"https:\/\/yourenglishweb.com\/inglesmilitar\/ejercicios-tipo-slp-2222\/","name":"Ejercicios tipo SLP 2222 - Your English Web","isPartOf":{"@id":"https:\/\/yourenglishweb.com\/inglesmilitar\/#website"},"primaryImageOfPage":{"@id":"https:\/\/yourenglishweb.com\/inglesmilitar\/ejercicios-tipo-slp-2222\/#primaryimage"},"image":{"@id":"https:\/\/yourenglishweb.com\/inglesmilitar\/ejercicios-tipo-slp-2222\/#primaryimage"},"thumbnailUrl":"https:\/\/yourenglishweb.com\/inglesmilitar\/wp-content\/uploads\/2025\/03\/Curso-SLP-4.png","datePublished":"2015-04-26T20:08:48+00:00","dateModified":"2025-03-16T11:00:48+00:00","description":"Prepara para la prueba oficial con nuestros ejercicios tipo SLP 2222. Practica para el examen SLP con ejercicios de audio y comprensi\u00f3n de textos","breadcrumb":{"@id":"https:\/\/yourenglishweb.com\/inglesmilitar\/ejercicios-tipo-slp-2222\/#breadcrumb"},"inLanguage":"en-US","potentialAction":[{"@type":"ReadAction","target":["https:\/\/yourenglishweb.com\/inglesmilitar\/ejercicios-tipo-slp-2222\/"]}]},{"@type":"ImageObject","inLanguage":"en-US","@id":"https:\/\/yourenglishweb.com\/inglesmilitar\/ejercicios-tipo-slp-2222\/#primaryimage","url":"https:\/\/yourenglishweb.com\/inglesmilitar\/wp-content\/uploads\/2025\/03\/Curso-SLP-4.png","contentUrl":"https:\/\/yourenglishweb.com\/inglesmilitar\/wp-content\/uploads\/2025\/03\/Curso-SLP-4.png","width":1366,"height":768,"caption":"ejercicios SLP 2222"},{"@type":"BreadcrumbList","@id":"https:\/\/yourenglishweb.com\/inglesmilitar\/ejercicios-tipo-slp-2222\/#breadcrumb","itemListElement":[{"@type":"ListItem","position":1,"name":"Portada","item":"https:\/\/yourenglishweb.com\/inglesmilitar\/"},{"@type":"ListItem","position":2,"name":"Ejercicios tipo SLP 2222"}]},{"@type":"WebSite","@id":"https:\/\/yourenglishweb.com\/inglesmilitar\/#website","url":"https:\/\/yourenglishweb.com\/inglesmilitar\/","name":"Your English Web","description":"Cursos SLP 2222 y 3333 para Guardia Civil y FAS","potentialAction":[{"@type":"SearchAction","target":{"@type":"EntryPoint","urlTemplate":"https:\/\/yourenglishweb.com\/inglesmilitar\/?s={search_term_string}"},"query-input":{"@type":"PropertyValueSpecification","valueRequired":true,"valueName":"search_term_string"}}],"inLanguage":"en-US"}]}},"_links":{"self":[{"href":"https:\/\/yourenglishweb.com\/inglesmilitar\/wp-json\/wp\/v2\/pages\/4136","targetHints":{"allow":["GET"]}}],"collection":[{"href":"https:\/\/yourenglishweb.com\/inglesmilitar\/wp-json\/wp\/v2\/pages"}],"about":[{"href":"https:\/\/yourenglishweb.com\/inglesmilitar\/wp-json\/wp\/v2\/types\/page"}],"author":[{"embeddable":true,"href":"https:\/\/yourenglishweb.com\/inglesmilitar\/wp-json\/wp\/v2\/users\/1"}],"replies":[{"embeddable":true,"href":"https:\/\/yourenglishweb.com\/inglesmilitar\/wp-json\/wp\/v2\/comments?post=4136"}],"version-history":[{"count":5,"href":"https:\/\/yourenglishweb.com\/inglesmilitar\/wp-json\/wp\/v2\/pages\/4136\/revisions"}],"predecessor-version":[{"id":6347,"href":"https:\/\/yourenglishweb.com\/inglesmilitar\/wp-json\/wp\/v2\/pages\/4136\/revisions\/6347"}],"wp:featuredmedia":[{"embeddable":true,"href":"https:\/\/yourenglishweb.com\/inglesmilitar\/wp-json\/wp\/v2\/media\/6339"}],"wp:attachment":[{"href":"https:\/\/yourenglishweb.com\/inglesmilitar\/wp-json\/wp\/v2\/media?parent=4136"}],"curies":[{"name":"wp","href":"https:\/\/api.w.org\/{rel}","templated":true}]}}